{"id":593,"date":"2023-12-05T06:39:32","date_gmt":"2023-12-05T06:39:32","guid":{"rendered":"https:\/\/solidorfinanciere.com\/contact-us\/"},"modified":"2024-08-13T10:40:18","modified_gmt":"2024-08-13T10:40:18","slug":"contact-us","status":"publish","type":"page","link":"http:\/\/solidorfinanciere.com\/es\/contact-us\/","title":{"rendered":"Contact us"},"content":{"rendered":"<div class=\"container\">\n<h2 class=\"contact-h2\">Contacta con nosotros<\/h2>\n<div class=\"row\">\n<div class=\"col-md-6\">\n<div class=\"contact-block\">\n<p>Tel\u00e9fono<\/p>\n<p>+33170613843\n<\/p><\/div>\n<div class=\"contact-block\">\n<p>Correo electr\u00f3nico<\/p>\n<p>customer_support@solidorfinanciere.com<\/p>\n<\/div>\n<div class=\"contact-block\">\n<p>DIRECCI\u00d3N<\/p>\n<p>C\u0153ur D\u00e9fense 110 Espl. du G\u00e9n\u00e9ral de Gaulle, 92400, Paris, France<\/p>\n<\/div>\n<\/div>\n<div class=\"col-md-6\">\n<div class=\"contact-us-form-box\">\n<div class=\"wpcf7 no-js\" id=\"wpcf7-f80-o1\" lang=\"en-US\" dir=\"ltr\">\n<div class=\"screen-reader-response\"><p role=\"status\" aria-live=\"polite\" aria-atomic=\"true\"><\/p> <ul><\/ul><\/div>\n<form action=\"\/es\/wp-json\/wp\/v2\/pages\/593#wpcf7-f80-o1\" method=\"post\" class=\"wpcf7-form init\" aria-label=\"Contact form\" novalidate=\"novalidate\" data-status=\"init\">\n<div style=\"display: none;\">\n<input type=\"hidden\" name=\"_wpcf7\" value=\"80\" \/>\n<input type=\"hidden\" name=\"_wpcf7_version\" value=\"5.9.7\" \/>\n<input type=\"hidden\" name=\"_wpcf7_locale\" value=\"en_US\" \/>\n<input type=\"hidden\" name=\"_wpcf7_unit_tag\" value=\"wpcf7-f80-o1\" \/>\n<input type=\"hidden\" name=\"_wpcf7_container_post\" value=\"0\" \/>\n<input type=\"hidden\" name=\"_wpcf7_posted_data_hash\" value=\"\" \/>\n<\/div>\n<p><label> Your name<br \/>\n<\/label>\n<\/p>\n<div class=\"form-group\">\n\t<p><span class=\"wpcf7-form-control-wrap\" data-name=\"your-name\"><input size=\"40\" maxlength=\"400\" class=\"wpcf7-form-control wpcf7-text wpcf7-validates-as-required\" aria-required=\"true\" aria-invalid=\"false\" value=\"\" type=\"text\" name=\"your-name\" \/><\/span>\n\t<\/p>\n<\/div>\n<p><label> Your email<br \/>\n<\/label>\n<\/p>\n<div class=\"form-group\">\n\t<p><span class=\"wpcf7-form-control-wrap\" data-name=\"your-email\"><input size=\"40\" maxlength=\"400\" class=\"wpcf7-form-control wpcf7-email wpcf7-validates-as-required wpcf7-text wpcf7-validates-as-email\" aria-required=\"true\" aria-invalid=\"false\" value=\"\" type=\"email\" name=\"your-email\" \/><\/span>\n\t<\/p>\n<\/div>\n<p><label> Subject<br \/>\n<\/label>\n<\/p>\n<div class=\"form-group\">\n\t<p><span class=\"wpcf7-form-control-wrap\" data-name=\"your-subject\"><input size=\"40\" maxlength=\"400\" class=\"wpcf7-form-control wpcf7-text wpcf7-validates-as-required\" aria-required=\"true\" aria-invalid=\"false\" value=\"\" type=\"text\" name=\"your-subject\" \/><\/span>\n\t<\/p>\n<\/div>\n<p><label> Your message<br \/>\n<\/label>\n<\/p>\n<div class=\"form-group\">\n\t<p><span class=\"wpcf7-form-control-wrap\" data-name=\"your-message\"><textarea cols=\"40\" rows=\"10\" maxlength=\"2000\" class=\"wpcf7-form-control wpcf7-textarea\" aria-invalid=\"false\" name=\"your-message\"><\/textarea><\/span>\n\t<\/p>\n<\/div>\n<p><input class=\"wpcf7-form-control wpcf7-submit has-spinner\" type=\"submit\" value=\"Send\" \/>\n<\/p><div class=\"wpcf7-response-output\" aria-hidden=\"true\"><\/div>\n<\/form>\n<\/div>\n<\/div>\n<\/div>\n<p><iframe loading=\"lazy\" style=\"border: 0;\" src=\"https:\/\/www.google.com\/maps\/embed?pb=!1m18!1m12!1m3!1d2482.946540198353!2d-0.08414592342520737!3d51.51419677181493!2m3!1f0!2f0!3f0!3m2!1i1024!2i768!4f13.1!3m3!1m2!1s0x4876034d5a8d5119%3A0xa33eb35a95c8963!2s1%20Undershaft%2C%20London%20EC3A%208EE%2C%20UK!5e0!3m2!1sen!2sil!4v1706449449884!5m2!1sen!2sil\" width=\"100%\" height=\"450\" allowfullscreen=\"allowfullscreen\"><\/iframe><\/p>\n<\/div>\n<\/div>\n","protected":false},"excerpt":{"rendered":"<p>Contacta con nosotros Tel\u00e9fono +33170613843 Correo electr\u00f3nico customer_support@solidorfinanciere.com DIRECCI\u00d3N C\u0153ur D\u00e9fense 110 Espl. du G\u00e9n\u00e9ral de Gaulle, 92400, Paris, France<\/p>\n","protected":false},"author":1,"featured_media":0,"parent":0,"menu_order":0,"comment_status":"closed","ping_status":"closed","template":"","meta":{"footnotes":""},"class_list":["post-593","page","type-page","status-publish","hentry"],"_links":{"self":[{"href":"http:\/\/solidorfinanciere.com\/es\/wp-json\/wp\/v2\/pages\/593","targetHints":{"allow":["GET"]}}],"collection":[{"href":"http:\/\/solidorfinanciere.com\/es\/wp-json\/wp\/v2\/pages"}],"about":[{"href":"http:\/\/solidorfinanciere.com\/es\/wp-json\/wp\/v2\/types\/page"}],"author":[{"embeddable":true,"href":"http:\/\/solidorfinanciere.com\/es\/wp-json\/wp\/v2\/users\/1"}],"replies":[{"embeddable":true,"href":"http:\/\/solidorfinanciere.com\/es\/wp-json\/wp\/v2\/comments?post=593"}],"version-history":[{"count":3,"href":"http:\/\/solidorfinanciere.com\/es\/wp-json\/wp\/v2\/pages\/593\/revisions"}],"predecessor-version":[{"id":714,"href":"http:\/\/solidorfinanciere.com\/es\/wp-json\/wp\/v2\/pages\/593\/revisions\/714"}],"wp:attachment":[{"href":"http:\/\/solidorfinanciere.com\/es\/wp-json\/wp\/v2\/media?parent=593"}],"curies":[{"name":"wp","href":"https:\/\/api.w.org\/{rel}","templated":true}]}}