{"id":594,"date":"2023-12-05T06:38:43","date_gmt":"2023-12-05T06:38:43","guid":{"rendered":"https:\/\/solidorfinanciere.com\/about-us\/"},"modified":"2024-02-13T10:40:19","modified_gmt":"2024-02-13T10:40:19","slug":"about-us","status":"publish","type":"page","link":"http:\/\/solidorfinanciere.com\/es\/about-us\/","title":{"rendered":"About-us"},"content":{"rendered":"<div class=\"content\">\n<section style=\"margin-top:  50px;padding-bottom: 50px;\">\n<div class=\"container\">\n<h1 style=\"font-size: 64px;font-weight: 300;text-align: center;color: rgba(0,0,0,.9);margin-bottom: 50px;\"><font style=\"vertical-align: inherit;\"><font style=\"vertical-align: inherit;\" class=\"\">Nuestra compa\u00f1\u00eda<\/font><\/font><\/h1>\n<h1 style=\"font-size: 19px;font-weight: 600;color: rgba(0,0,0,.9);margin-bottom: 10px;\"><font style=\"vertical-align: inherit;\"><font style=\"vertical-align: inherit;\"> Quienes somos?<\/font><\/font><\/h1>\n<p class=\"textsize19\"><font style=\"vertical-align: inherit;\"><font style=\"vertical-align: inherit;\">solidorfinanciere Trade es un proveedor de servicios financieros que ofrece una selecci\u00f3n de m\u00e1s de cien activos financieros como CFD a operadores de casi todo el mundo. Gracias a nuestra intuitiva plataforma de operaciones, usted obtiene acceso al mercado cambiario m\u00e1s interesante y vol\u00e1til del mundo a trav\u00e9s de su computadora de escritorio, tel\u00e9fono inteligente o tableta. Al hacerlo, podr\u00e1 administrar su cartera de operaciones personal mientras disfruta de una ejecuci\u00f3n comercial inmediata con 1 clic, todo a trav\u00e9s de un \u00fanico panel de control inteligente.<\/font><\/font><\/p>\n<p class=\"textsize19\"><font style=\"vertical-align: inherit;\"><font style=\"vertical-align: inherit;\">Si bien nuestro objetivo es ayudar a los clientes a aprovechar al m\u00e1ximo las operaciones en l\u00ednea, acceder a la liquidez y gestionar el riesgo de manera eficaz, nuestra experiencia pr\u00e1ctica, nuestra tecnolog\u00eda integral y nuestra red incomparable nos permiten ofrecer una experiencia comercial inolvidable.<\/font><\/font><\/p>\n<\/p><\/div>\n<\/section>\n<section style=\"padding-top: 20px;padding-bottom: 20px;\">\n<div class=\"container\">\n<h1 style=\"font-size: 19px;font-weight: 600;color: rgba(0,0,0,.9);margin-bottom: 10px;\"><font style=\"vertical-align: inherit;\"><font style=\"vertical-align: inherit;\"> Por qu\u00e9 solidorfinanciere Trade?<\/font><\/font><\/h1>\n<p class=\"textsize19\"><font style=\"vertical-align: inherit;\"><font style=\"vertical-align: inherit;\">Contamos con la experiencia tecnol\u00f3gica y los vastos recursos para ayudarlo a liberar todo su potencial y aprovechar una experiencia comercial incomparable. Utilizamos tecnolog\u00eda de encriptaci\u00f3n de \u00faltima generaci\u00f3n, como lo hacen los bancos internacionales y los principales minoristas en l\u00ednea, para proteger su informaci\u00f3n, seguridad y privacidad en todo momento. Adem\u00e1s de brindar soporte en vivo las 24 horas y brindar soluciones de clase mundial a los clientes, monitoreamos constantemente sus fondos comerciales y los protegemos en cuentas segregadas.<\/font><\/font><\/p>\n<p class=\"textsize19\"><font style=\"vertical-align: inherit;\"><font style=\"vertical-align: inherit;\">Estamos obligados a no compartir sus datos personales con ninguna agencia externa o un tercero y operamos bajo una pol\u00edtica garantizada sin tarifas ocultas y nuestro proceso de dep\u00f3sitos y retiros es r\u00e1pido y conveniente.<\/font><\/font><\/p>\n<\/p><\/div>\n<\/section>\n<section style=\"padding-top: 20px;padding-bottom: 20px;\">\n<div class=\"container\">\n<h1 style=\"font-size: 19px;font-weight: 600;color: rgba(0,0,0,.9);margin-bottom: 10px;\"><font style=\"vertical-align: inherit;\"><font style=\"vertical-align: inherit;\">Beneficios de operar con nosotros<\/font><\/font><\/h1>\n<p class=\"textsize19\"><font style=\"vertical-align: inherit;\"><font style=\"vertical-align: inherit;\">Dado que los CFD son cada vez m\u00e1s populares entre los operadores e inversores modernos, estas son algunas de las caracter\u00edsticas y beneficios excepcionales que puede disfrutar al decidir crear su cartera comercial personal con nosotros:<\/font><\/font><\/p>\n<ul>\n<li class=\"p1\"><font style=\"vertical-align: inherit;\"><font style=\"vertical-align: inherit;\">Transmisi\u00f3n de datos en vivo<\/font><\/font><\/li>\n<li class=\"p1\"><font style=\"vertical-align: inherit;\"><font style=\"vertical-align: inherit;\">Servicio al cliente 24 horas al d\u00eda, 6 d\u00edas a la semana<\/font><\/font><\/li>\n<li class=\"p1\"><font style=\"vertical-align: inherit;\"><font style=\"vertical-align: inherit;\">Herramientas de an\u00e1lisis personalizadas<\/font><\/font><\/li>\n<li class=\"p1\"><font style=\"vertical-align: inherit;\"><font style=\"vertical-align: inherit;\">Selecci\u00f3n de cuentas comerciales<\/font><\/font><\/li>\n<li class=\"p1\"><font style=\"vertical-align: inherit;\"><font style=\"vertical-align: inherit;\">Cuadros y gr\u00e1ficos avanzados<\/font><\/font><\/li>\n<li class=\"p1\"><font style=\"vertical-align: inherit;\"><font style=\"vertical-align: inherit;\">Administradores de cuentas personales<\/font><\/font><\/li>\n<li class=\"p1\"><font style=\"vertical-align: inherit;\"><font style=\"vertical-align: inherit;\">Gesti\u00f3n de cuentas sencilla<\/font><\/font><\/li>\n<li class=\"p1\"><font style=\"vertical-align: inherit;\"><font style=\"vertical-align: inherit;\">Dep\u00f3sitos y retiros r\u00e1pidos<\/font><\/font><\/li>\n<\/ul><\/div>\n<\/section>\n<section style=\"padding-top: 20px;padding-bottom: 20px;\">\n<div class=\"container\">\n<h1 style=\"font-size: 19px;font-weight: 600;color: rgba(0,0,0,.9);margin-bottom: 10px;\"><font style=\"vertical-align: inherit;\"><font style=\"vertical-align: inherit;\">Nuestra visi\u00f3n<\/font><\/font><\/h1>\n<p class=\"textsize19\"><font style=\"vertical-align: inherit;\"><font style=\"vertical-align: inherit;\">Queremos hacer que el comercio seguro de CFD sea una realidad viva para todos los millones de personas que no pueden permitirse el lujo de operar tradicionalmente. <\/font><\/font><br \/><font style=\"vertical-align: inherit;\"><font style=\"vertical-align: inherit;\"><br \/>\n           A trav\u00e9s de nuestra tecnolog\u00eda innovadora, queremos construir un entorno financieramente competente que se base en la confianza mutua y el respeto entre nosotros y nuestros clientes.<\/font><\/font><\/p>\n<\/p><\/div>\n<\/section>\n<section style=\"padding-top: 20px;padding-bottom: 20px;\">\n<div class=\"container\">\n<h1 style=\"font-size: 19px;font-weight: 600;color: rgba(0,0,0,.9);margin-bottom: 10px;\"><font style=\"vertical-align: inherit;\"><font style=\"vertical-align: inherit;\">Tu seguridad<\/font><\/font><\/h1>\n<p class=\"textsize19\"><font style=\"vertical-align: inherit;\"><font style=\"vertical-align: inherit;\">En un mundo lleno de instituciones financieras, nos enorgullecemos de brindar la protecci\u00f3n m\u00e1s estricta a sus fondos en todo momento. <\/font><\/font><br \/><font style=\"vertical-align: inherit;\"><font style=\"vertical-align: inherit;\"><br \/>\n           Como su cartera de operaciones est\u00e1 constantemente segura con nosotros, hemos desarrollado un est\u00e1ndar completamente nuevo para la seguridad de sus datos personales. <\/font><\/font><br \/><font style=\"vertical-align: inherit;\"><font style=\"vertical-align: inherit;\"><br \/>\n           Todos nuestros comerciantes se benefician de las siguientes condiciones:<\/font><\/font><\/p>\n<\/p><\/div>\n<\/section>\n<section style=\"padding-bottom: 50px;\">\n<div class=\"container\">\n<div class=\" \" style=\"margin-bottom: 50px;\">\n<div class=\"row\">\n<div class=\"col-md-12 col-xs-12\" style=\"background: #F8FAFD;\n\n    margin-right: 1%;\n    width: 49%;\"><\/p>\n<div class=\"row\" style=\"text-align: center;padding: 50px;\">\n<p style=\"font-size:16px;font-weight:600;text-align:left;\"><font style=\"vertical-align: inherit;\"><font style=\"vertical-align: inherit;\">Cuentas de clientes segregadas<\/font><\/font><\/p>\n<p class=\"mobileoff \" style=\"line-height: 1.5;font-size:16px;text-align:left;margin-top:20px;\"><font style=\"vertical-align: inherit;\"><font style=\"vertical-align: inherit;\">En la industria del comercio financiero, esta cuenta se utiliza para mantener sus fondos separados de los fondos del corredor. Esto garantiza que su capital est\u00e9 protegido por instituciones de cr\u00e9dito de renombre mundial y pueda ser identificado f\u00e1cilmente.<\/font><\/font><\/p>\n<\/p><\/div>\n<\/p><\/div>\n<div class=\"col-md-12 col-xs-12\" style=\"background: #F8FAFD;\n    margin-left: 1%;\n    width: 49%;\"><\/p>\n<div class=\"row\" style=\"text-align: center;padding: 50px;\">\n<p style=\"font-size:16px;font-weight:600;text-align:left\"><font style=\"vertical-align: inherit;\"><font style=\"vertical-align: inherit;\">Cifrado y protecci\u00f3n<\/font><\/font><\/p>\n<p class=\"mobileoff \" style=\"line-height: 1.5;font-size:16px;text-align:left;margin-top:20px\"><font style=\"vertical-align: inherit;\"><font style=\"vertical-align: inherit;\">Utilizando medidas y protocolos de seguridad altamente avanzados, tratamos su cuenta con total confidencialidad, lo que da como resultado que sus operaciones e informaci\u00f3n privada est\u00e9n 100% cifradas con SSL y almacenadas de forma segura.<\/font><\/font><\/p>\n<\/p><\/div>\n<\/p><\/div>\n<\/p><\/div>\n<\/p><\/div>\n<\/p><\/div>\n<\/section>\n<section style=\" padding-bottom: 20px;\">\n<div class=\"container\">\n<h1 style=\"font-size: 19px;font-weight: 600;color: rgba(0,0,0,.9);margin-bottom: 10px;\"><font style=\"vertical-align: inherit;\"><font style=\"vertical-align: inherit;\">Servicio al Cliente<\/font><\/font><\/h1>\n<p class=\"textsize19\"><font style=\"vertical-align: inherit;\"><font style=\"vertical-align: inherit;\">Estamos totalmente comprometidos a brindarle todo el apoyo y la asistencia que necesita en su idioma nativo y las 24 horas. <\/font><\/font><br \/><font style=\"vertical-align: inherit;\"><font style=\"vertical-align: inherit;\"><br \/>\n           Si tiene alguna pregunta o necesita soporte t\u00e9cnico u orientaci\u00f3n sobre la administraci\u00f3n de su cuenta, no dude en comunicarse con nuestro equipo de atenci\u00f3n al cliente en cualquier momento.<\/font><\/font><\/p>\n<\/p><\/div>\n<\/section><\/div>\n","protected":false},"excerpt":{"rendered":"<p>Nuestra compa\u00f1\u00eda Quienes somos? solidorfinanciere Trade es un proveedor de servicios financieros que ofrece una selecci\u00f3n de m\u00e1s de cien activos financieros como CFD a operadores de casi todo el mundo. Gracias a nuestra intuitiva plataforma de operaciones, usted obtiene acceso al mercado cambiario m\u00e1s interesante y vol\u00e1til del mundo a trav\u00e9s de su computadora [&hellip;]<\/p>\n","protected":false},"author":1,"featured_media":0,"parent":0,"menu_order":0,"comment_status":"closed","ping_status":"closed","template":"","meta":{"footnotes":""},"class_list":["post-594","page","type-page","status-publish","hentry"],"_links":{"self":[{"href":"http:\/\/solidorfinanciere.com\/es\/wp-json\/wp\/v2\/pages\/594","targetHints":{"allow":["GET"]}}],"collection":[{"href":"http:\/\/solidorfinanciere.com\/es\/wp-json\/wp\/v2\/pages"}],"about":[{"href":"http:\/\/solidorfinanciere.com\/es\/wp-json\/wp\/v2\/types\/page"}],"author":[{"embeddable":true,"href":"http:\/\/solidorfinanciere.com\/es\/wp-json\/wp\/v2\/users\/1"}],"replies":[{"embeddable":true,"href":"http:\/\/solidorfinanciere.com\/es\/wp-json\/wp\/v2\/comments?post=594"}],"version-history":[{"count":2,"href":"http:\/\/solidorfinanciere.com\/es\/wp-json\/wp\/v2\/pages\/594\/revisions"}],"predecessor-version":[{"id":625,"href":"http:\/\/solidorfinanciere.com\/es\/wp-json\/wp\/v2\/pages\/594\/revisions\/625"}],"wp:attachment":[{"href":"http:\/\/solidorfinanciere.com\/es\/wp-json\/wp\/v2\/media?parent=594"}],"curies":[{"name":"wp","href":"https:\/\/api.w.org\/{rel}","templated":true}]}}