{"id":601,"date":"2023-12-05T07:52:59","date_gmt":"2023-12-05T07:52:59","guid":{"rendered":"https:\/\/solidorfinanciere.com\/privacy-policy\/"},"modified":"2024-08-05T13:31:11","modified_gmt":"2024-08-05T13:31:11","slug":"privacy-policy","status":"publish","type":"page","link":"http:\/\/solidorfinanciere.com\/es\/privacy-policy\/","title":{"rendered":"Privacy policy"},"content":{"rendered":"<section class=\"fullsize\">\n<div class=\"row\" style=\"margin-top: 100px; margin-bottom: 100px;\">\n<div class=\"col-sm-2\">\n<ul class=\"\" style=\"padding-bottom: 50px;\">\n<li class=\" \"><a class=\"leftmm\" href=\"https:\/\/solidorfinanciere.com\/es\/terms-and-conditions\/\">Terms &amp; Conditions<\/a><\/li>\n<li class=\" \"><a class=\"leftmm\" href=\"https:\/\/solidorfinanciere.com\/es\/privacy-policy\/\">Privacy Policy<\/a><\/li>\n<li class=\" \"><a class=\"leftmm\" href=\"https:\/\/solidorfinanciere.com\/es\/aml-policy\/\">AML Policy<\/a><\/li>\n<li class=\"\"><a class=\"leftmm\" href=\"https:\/\/solidorfinanciere.com\/es\/kyc-policy\/\">KYC Policy<\/a><\/li>\n<li class=\"\"><a class=\"leftmm\" href=\"https:\/\/solidorfinanciere.com\/es\/jurisdiction-policy\/\">Jurisdiction Policy<\/a><\/li>\n<li class=\"\"><a class=\"leftmm\" href=\"https:\/\/solidorfinanciere.com\/es\/withdrawal-policy\/\">Withdrawal Policy<\/a><\/li>\n<\/ul>\n<\/div>\n<div class=\"col-sm-8\">\n<div class=\"textsize19\"><strong>Aviso de Protecci\u00f3n de Datos<\/strong><\/p>\n<div style=\"    line-height: 1.74 !important;\">\nPol\u00edtica de privacidad<br \/>\nsolidor financiere hace todo lo posible para garantizar que la privacidad, confidencialidad y seguridad de sus clientes se preserven tanto durante su interacci\u00f3n con la empresa como despu\u00e9s, en la medida m\u00e1s completa posible por parte de la empresa.<br \/>\nCuando los clientes se registran en solidor financiere , reconocen su disposici\u00f3n para compartir con la empresa cierta informaci\u00f3n privada que utilizamos con el fin de confirmar la identidad del cliente y garantizar la seguridad de sus dep\u00f3sitos y cuenta de trading. Esta informaci\u00f3n se recopila de acuerdo con nuestros rigurosos procedimientos de verificaci\u00f3n que se utilizan para disuadir operaciones internacionales de lavado de dinero y garantizar la seguridad y protecci\u00f3n de la actividad comercial de nuestros clientes en todo momento.Nuestros clientes se comprometen a proporcionarnos informaci\u00f3n verdadera, actualizada y precisa sobre su identidad. Adem\u00e1s, se les exige que declaren categ\u00f3ricamente que se est\u00e1n registrando y operando en su propio nombre y que en ning\u00fan momento buscan actuar de manera fraudulenta ni intentan suplantar a otras personas con ning\u00fan prop\u00f3sito.<br \/>\nLos procedimientos de recopilaci\u00f3n de datos de solidor financiere incluyen la recopilaci\u00f3n de la informaci\u00f3n divulgada libremente por el cliente, as\u00ed como la colocaci\u00f3n de cookies con el fin de recopilar datos sobre la forma en que los clientes interact\u00faan con el sitio web de solidor financiere . Estas herramientas para recopilar informaci\u00f3n de los clientes se emplean con el fin de garantizar la seguridad del cliente y todos los datos recopilados por la empresa se comparten \u00fanicamente con personas dentro de la empresa que est\u00e1n involucradas en la verificaci\u00f3n de la informaci\u00f3n de la cuenta del cliente con el fin expreso de garantizar la confidencialidad y seguridad del cliente.solidor financiere nunca divulgar\u00e1 ninguna informaci\u00f3n privada o confidencial con respecto a nuestros clientes y ex clientes a terceros sin el consentimiento expreso y por escrito de nuestros clientes, excepto en casos espec\u00edficos en los que la divulgaci\u00f3n sea un requisito legal o sea necesaria para realizar an\u00e1lisis de verificaci\u00f3n sobre la identidad del cliente con el fin de garantizar la seguridad de su cuenta y asegurar su informaci\u00f3n personal.<br \/>\nAl registrarse en solidor financiere y mediante la interacci\u00f3n voluntaria que realizan con los productos y servicios de solidor financiere , los clientes confirman y aceptan que consienten el uso de toda o parte de la informaci\u00f3n que proporcionan sobre su cuenta de trading de solidor financiere , las transacciones que realizan a trav\u00e9s de ella y las interacciones que realizan con la empresa en nombre de la empresa. Todas las interacciones que el cliente realice con la empresa ser\u00e1n almacenadas por la empresa con fines de registro y, como tal, pueden ser utilizadas por la empresa en casos de disputas entre los clientes y .solidor financiere hace todo lo posible para garantizar la confidencialidad de la informaci\u00f3n personal de sus clientes, incluida la implementaci\u00f3n de procedimientos de protecci\u00f3n de datos dise\u00f1ados para garantizar la confidencialidad del cliente. solidor financiere asegura que su pol\u00edtica de protecci\u00f3n de datos se actualice regularmente para garantizar que la informaci\u00f3n confidencial del cliente sea continuamente protegida por solidor financiere .<br \/>\nDe vez en cuando, solidor financiere puede contactar a los clientes ya sea por tel\u00e9fono o por correo electr\u00f3nico con el fin de ofrecerles m\u00e1s informaci\u00f3n sobre el trading financiero de solidor financiere . Adem\u00e1s, la empresa puede, en ocasiones, tratar de contactar a los clientes, ya sea por tel\u00e9fono o por correo electr\u00f3nico, con el fin de informarles sobre ofertas promocionales \u00fanicas proporcionadas por solidor financiere para el cliente. Los clientes consienten en recibir dicho contacto cuando aceptan nuestros t\u00e9rminos y condiciones de uso al registrarse en solidor financiere . Cualquier persona que desee optar por no recibir m\u00e1s contactos de solidor financiere en cualquier momento tiene derecho a hacerlo, simplemente poni\u00e9ndose en contacto con la empresa ya sea por tel\u00e9fono o por correo electr\u00f3nico y solicitando que no se .<\/p>\n<\/div>\n<\/div>\n<div style=\"margin-bottom: 100px;\"><\/div>\n<\/div>\n<\/section>\n","protected":false},"excerpt":{"rendered":"<p>Terms &amp; Conditions Privacy Policy AML Policy KYC Policy Jurisdiction Policy Withdrawal Policy Aviso de Protecci\u00f3n de Datos Pol\u00edtica de privacidad solidor financiere hace todo lo posible para garantizar que la privacidad, confidencialidad y seguridad de sus clientes se preserven tanto durante su interacci\u00f3n con la empresa como despu\u00e9s, en la medida m\u00e1s completa posible [&hellip;]<\/p>\n","protected":false},"author":1,"featured_media":0,"parent":0,"menu_order":0,"comment_status":"closed","ping_status":"closed","template":"","meta":{"footnotes":""},"class_list":["post-601","page","type-page","status-publish","hentry"],"_links":{"self":[{"href":"http:\/\/solidorfinanciere.com\/es\/wp-json\/wp\/v2\/pages\/601","targetHints":{"allow":["GET"]}}],"collection":[{"href":"http:\/\/solidorfinanciere.com\/es\/wp-json\/wp\/v2\/pages"}],"about":[{"href":"http:\/\/solidorfinanciere.com\/es\/wp-json\/wp\/v2\/types\/page"}],"author":[{"embeddable":true,"href":"http:\/\/solidorfinanciere.com\/es\/wp-json\/wp\/v2\/users\/1"}],"replies":[{"embeddable":true,"href":"http:\/\/solidorfinanciere.com\/es\/wp-json\/wp\/v2\/comments?post=601"}],"version-history":[{"count":4,"href":"http:\/\/solidorfinanciere.com\/es\/wp-json\/wp\/v2\/pages\/601\/revisions"}],"predecessor-version":[{"id":695,"href":"http:\/\/solidorfinanciere.com\/es\/wp-json\/wp\/v2\/pages\/601\/revisions\/695"}],"wp:attachment":[{"href":"http:\/\/solidorfinanciere.com\/es\/wp-json\/wp\/v2\/media?parent=601"}],"curies":[{"name":"wp","href":"https:\/\/api.w.org\/{rel}","templated":true}]}}